{"id":301,"date":"2023-06-08T12:54:00","date_gmt":"2023-06-08T10:54:00","guid":{"rendered":"https:\/\/orasueca.ora.cmspro.telpark.com\/parquimetro\/"},"modified":"2025-01-29T10:01:29","modified_gmt":"2025-01-29T09:01:29","slug":"parquimetro","status":"publish","type":"page","link":"https:\/\/orasueca.com\/va\/parquimetro\/","title":{"rendered":"Parqu\u00edmetre"},"content":{"rendered":"\n<section class=\"tpk-hero tpk-hero--products                lower\"\n         style=\"\">\n                        <picture >\n\n                    <source srcset=\"https:\/\/orasueca.com\/wp-content\/uploads\/sites\/39\/2023\/06\/592c3b810338a_parquimetro_xativa-480x300.jpg\" media=\"((min-width: 0rem) and (max-width: 30rem))\">\n                             <source srcset=\"https:\/\/orasueca.com\/wp-content\/uploads\/sites\/39\/2023\/06\/592c3b810338a_parquimetro_xativa-1024x300.jpg\" media=\"(min-width: 30rem) and (max-width: 64rem)\" >\n                            <source srcset=\"https:\/\/orasueca.com\/wp-content\/uploads\/sites\/39\/2023\/06\/592c3b810338a_parquimetro_xativa.jpg\" media=\"(min-width: 64rem)\" >\n        \n        \n                                                                                                        \n        <img src=\"https:\/\/orasueca.com\/wp-content\/uploads\/sites\/39\/2023\/06\/592c3b810338a_parquimetro_xativa.jpg\" alt=\"\"  width=\"1140\" height=\"300\"  loading=\"eager\">\n    <\/picture>\n\n    \n        <div class=\"tpk-hero__content wrapper row\">\n                    <div class=\"col-xs-12 col-sm-12 pr-h pl-h\">\n                                <header class=\"tpk-head  wrapper\">\n    <p class=\"tpk-head__caption\">Funcionament<\/p>    <h1 class=\"tpk-head__title\">Parqu\u00edmetre<\/h1>    <\/header>\n            \n                    <\/div>\n    <\/div>\n            <div class=\"tpk-hero__cards row wrapper\">\n                                                                                        <div class=\"col-xs-12 col-sm-12 col-md-4 mb-1 pl-h pr-h\">\n                                                                    <\/div>\n                    <\/div>\n    <\/section>\n<div class=\"tpk-spinner__wrapper\">\n    <div class=\"tpk-spinner\"><\/div>\n<\/div>\n\n<article class=\"tpk-page\">\n    <div class=\"row wrapper center-xs tpk-page__content\">\n        <div class=\"col-xs-12 col-sm-10 col-md-8 pt-4 pb-4\">\n            <blockquote>\n<h2>Informaci\u00f3<\/h2>\n<\/blockquote>\n<p>Si no desitja abonar la taxa municipal mitjan\u00e7ant el seu Tel\u00e8fon intel\u00b7ligent, a trav\u00e9s de telpark, t\u00e9 l'opci\u00f3 d'usar els Parqu\u00edmetres. En tots ells podr\u00e0 usar monedes o targetes banc\u00e0ries EMV.<\/p>\n<p>Recorde que els parqu\u00edmetres no admeten bitllets, nom\u00e9s monedes i no retornen canvi. T\u00e9 tamb\u00e9 l'opci\u00f3 de pagament amb targeta de cr\u00e8dit o d\u00e8bit, o b\u00e9 realitzar el pagament mitjan\u00e7ant l'app Telpark.<\/p>\n<p>En el parqu\u00edmetre tamb\u00e9 podr\u00e0 realitzar l'anul\u00b7laci\u00f3 electr\u00f2nica de la den\u00fancia, per sobrepassar el temps autoritzat d'estacionament, segons tiquet, nom\u00e9s en el cas que la den\u00fancia siga per exc\u00e9s de temps pagat. Per a aix\u00f2 disposa d'un termini d'1 h despr\u00e9s de l'hora de la infracci\u00f3, mitjan\u00e7ant el pagament en el parqu\u00edmetre utilitzant el codi d'anul\u00b7laci\u00f3 que ve reflectit en la den\u00fancia, aconsellem que conserve este tiquet com a justificant de l'anul\u00b7laci\u00f3.<\/p>\n<p>Si la den\u00fancia imposada no inclou un codi d'anul\u00b7laci\u00f3 \u00e9s que eixa den\u00fancia no pot ser anul\u00b7lada<\/p>\n<blockquote>\n<h2>Funcionament<\/h2>\n<\/blockquote>\n<p>El parqu\u00edmetre \u00e9s \u201cintel\u00b7ligent\u201d i a trav\u00e9s de senzills men\u00fas, mostrats en la seua pantalla a color, li guiar\u00e0 en les gestions que requerisca realitzar. Per a comen\u00e7ar polse qualsevol bot\u00f3 del teclat per a despertar la pantalla<\/p>\n<p>Qualsevol persona pot aparcar en les places regulades de la zona blava, pr\u00e8via obtenci\u00f3 del distintiu o tiquet habilitant corresponent. Les places regulades estan identificades mitjan\u00e7ant la pintura del paviment i els senyals verticals que delimiten la zona regulada a l'inici de la via.<\/p>\n<ul>\n<li>Podr\u00e0 anul\u00b7lar la den\u00fancia en el sup\u00f2sit de sobrepassar el temps autoritzat en el tiquet d'estacionament, per al que disposar\u00e0 d'1 hora a comptar des de la imposici\u00f3 de la den\u00fancia.<\/li>\n<li>Per a aix\u00f2 podr\u00e0 usar telpark o haur\u00e0 d'obtindre en la m\u00e0quina expenedora un tiquet d'anul\u00b7laci\u00f3, l'import de la qual ser\u00e0 de 4,75 euros.<\/li>\n<\/ul>\n<p><img loading=\"lazy\" class=\"wp-image-761 alignleft\" src=\"http:\/\/orasueca.com\/wp-content\/uploads\/sites\/39\/2025\/01\/parquimetro-sueca-1.jpg\" alt=\"\" width=\"276\" height=\"455\" \/> <img loading=\"lazy\" class=\"wp-image-759 alignnone\" src=\"http:\/\/orasueca.com\/wp-content\/uploads\/sites\/39\/2025\/01\/parquimetro-sueca-2.jpg\" alt=\"\" width=\"298\" height=\"456\" \/><\/p>\n<p>&nbsp;<\/p>\n<p><em>El controlador de l'aparcament en via p\u00fablica ser\u00e0 el responsable de regular el perfecte compliment de l'estacionament en la zona de la seua compet\u00e8ncia. El personal encarregat de controlar la zona en via p\u00fablica que hi ha empla\u00e7ada des de la placa d'inici de zona fins a la placa de fi de zona regula el compliment del perfecte estacionament en esta via, en tots els \u00e0mbits.<\/em><\/p>\n\n        <\/div>\n    <\/div>\n<\/article>\n\n\n<section class=\"tpk-banner-cta tpk-banner-cta--half   \"\n         style=\"                 \">\n    <div class=\"tpk-banner-cta--half__picture\">\n                                    <picture >\n\n                    <source srcset=\"https:\/\/orasueca.com\/wp-content\/uploads\/sites\/39\/2023\/06\/589074be4670b_Noticia_Ora_-Xativa-460x320.jpg\" media=\"((min-width: 0rem) and (max-width: 30rem))\">\n                             <source srcset=\"https:\/\/orasueca.com\/wp-content\/uploads\/sites\/39\/2023\/06\/589074be4670b_Noticia_Ora_-Xativa-520x320.jpg\" media=\"(min-width: 30rem) and (max-width: 64rem)\" >\n                            <source srcset=\"https:\/\/orasueca.com\/wp-content\/uploads\/sites\/39\/2023\/06\/589074be4670b_Noticia_Ora_-Xativa.jpg\" media=\"(min-width: 64rem)\" >\n        \n        \n                                                                                                        \n        <img src=\"https:\/\/orasueca.com\/wp-content\/uploads\/sites\/39\/2023\/06\/589074be4670b_Noticia_Ora_-Xativa.jpg\" alt=\"\"  width=\"730\" height=\"320\"  loading=\"lazy\" >\n    <\/picture>\n\n            <\/div>\n\n    <div class=\"tpk-banner-cta__content row wrapper middle-xs\">\n        <div class=\"col-xs-12 col-md-6 tpk-banner-cta__content__text\">\n                        <header class=\"tpk-head  wrapper\">\n    <p class=\"tpk-head__caption\">Informaci\u00f3<\/p>    <h2 class=\"tpk-head__title\">Zona blava<\/h2>    <p><strong>Horari<\/strong><\/p>\n<ul>\n<li><strong>Dilluns a divendres<\/strong> de 09:00h a 13:00h i de 17:00h a 20:00h.<\/li>\n<li><strong>Dissabtes<\/strong> de 09:00h a 13:00h.<\/li>\n<li><strong>Diumenges i festius<\/strong> sense servici.<\/li>\n<\/ul>\n<p><strong>Tarifes<\/strong><\/p>\n<ul>\n<li>25 minuts (m\u00ednim): <strong>0,25 \u20ac<\/strong><\/li>\n<li>60 minuts: <strong>0,65 \u20ac<\/strong><\/li>\n<li>120 minuts (m\u00e0xim): <strong>1,40 \u20ac<\/strong><\/li>\n<\/ul>\n<\/header>            <div class=\"tpk-banner-cta__buttons\">\n                                                        <a  class=\"tpk-button tpk-button--primary tpk-button--lg \" href=\"https:\/\/orasueca.com\/va\/horaris-i-tarifes\/\"    >\n    <span>Consultar<\/span>\n    <\/a>                            <\/div>\n        <\/div>\n    <\/div>\n<\/section>\n\n\n<section\n        class=\"tpk-banner-cta tpk-banner-cta--background   \"\n        style=\" --bg-picture: url('https:\/\/orasueca.com\/wp-content\/uploads\/sites\/39\/2023\/06\/banner.jpg'); \">\n    <div class=\"tpk-banner-cta__content row wrapper middle-xs \">\n                                <div class=\"col-xs-12 col-md-6 tpk-banner-cta__content__text  \">\n                                                <header class=\"tpk-head  wrapper\">\n    <p class=\"tpk-head__caption\">Consulta les zones d'estacionament regulat<\/p>    <h2 class=\"tpk-head__title\">Pla General de Sueca<\/h2>    <\/header>                                    <div class=\"tpk-banner-cta__buttons\">\n                                                                                <a  class=\"tpk-button tpk-button--primary tpk-button--lg \" href=\"\/va\/planos\/\"    >\n    <span>Veure<\/span>\n    <\/a>                                            <\/div>\n                            <\/div>\n        <\/div>\n<\/section>\n\n\n<section class=\"tpk-banner-app \">\n    <div class=\"row wrapper middle-xs\">\n        <div class=\"col-xs-12 col-sm-6 col-no-gutter tpk-banner-app__picture\">\n                                                <picture class=\"hide-xs show-sm\">\n\n                             <source srcset=\"https:\/\/orasueca.com\/wp-content\/uploads\/sites\/39\/2025\/01\/Web_bloqueORA_Mesa-de-trabajo-1-1-488x534.webp\" media=\"(min-width: 30rem) and (max-width: 64rem)\" >\n                            <source srcset=\"https:\/\/orasueca.com\/wp-content\/uploads\/sites\/39\/2025\/01\/Web_bloqueORA_Mesa-de-trabajo-1-1.webp\" media=\"(min-width: 64rem)\" >\n        \n        \n                                                                                                        \n        <img src=\"https:\/\/orasueca.com\/wp-content\/uploads\/sites\/39\/2025\/01\/Web_bloqueORA_Mesa-de-trabajo-1-1.webp\" alt=\"\"  width=\"600\" height=\"600\"  loading=\"lazy\" >\n    <\/picture>\n\n                                <\/div>\n        <div class=\"col-xs-12 col-sm-6 tpk-banner-app__content\">\n                        <header class=\"tpk-head  wrapper\">\n    <p class=\"tpk-head__caption\">Aparca i seguix<\/p>    <h2 class=\"tpk-head__title\">Escaneja el codi amb el teu m\u00f2bil per a descarregar l'app<\/h2>    <\/header>\n                        <div class=\"tpk-banner-app__buttons\">\n                                                                                                                    \n    <a href=\"https:\/\/play.google.com\/store\/apps\/details?id=com.delaware.empark\" class=\"tpk-button tpk-button--app dark\" target=\"_blank\">\n        <svg width=\"23\" height=\"26\" viewBox=\"0 0 23 26\" fill=\"none\" xmlns=\"http:\/\/www.w3.org\/2000\/svg\">\n            <path fill-rule=\"evenodd\" clip-rule=\"evenodd\" d=\"M0.862422 0.87988C0.581172 1.18175 0.419922 1.64675 0.419922 2.25113V23.7411C0.419922 24.3455 0.581172 24.8105 0.873047 25.1018L0.949297 25.1661L12.9905 13.1249V12.8543L0.938672 0.815505L0.862422 0.87988Z\" fill=\"url(#paint0_linear_9_9)\"\/>\n            <path fill-rule=\"evenodd\" clip-rule=\"evenodd\" d=\"M16.9962 17.1543L12.98 13.1368V12.8556L16.9975 8.83807L17.0843 8.89182L21.8362 11.5924C23.1968 12.3593 23.1968 13.6231 21.8362 14.4006L17.0843 17.1012L16.9962 17.1543Z\" fill=\"url(#paint1_linear_9_9)\"\/>\n            <path fill-rule=\"evenodd\" clip-rule=\"evenodd\" d=\"M17.083 17.1005L12.9799 12.9961L0.862371 25.1136C1.30487 25.5892 2.04987 25.643 2.88237 25.178L17.083 17.1005Z\" fill=\"url(#paint2_linear_9_9)\"\/>\n            <path fill-rule=\"evenodd\" clip-rule=\"evenodd\" d=\"M17.083 8.89304L2.88237 0.82616C2.05112 0.350535 1.30487 0.41491 0.862371 0.890535L12.9786 12.9962L17.083 8.89304Z\" fill=\"url(#paint3_linear_9_9)\"\/>\n            <defs>\n            <linearGradient id=\"paint0_linear_9_9\" x1=\"35.6607\" y1=\"-6.74995\" x2=\"-5.23028\" y2=\"12.2052\" gradientUnits=\"userSpaceOnUse\">\n            <stop stop-color=\"#047ED6\"\/>\n            <stop offset=\"1\" stop-color=\"#50E6FF\"\/>\n            <\/linearGradient>\n            <linearGradient id=\"paint1_linear_9_9\" x1=\"24.5643\" y1=\"12.9971\" x2=\"-6.03917\" y2=\"12.9971\" gradientUnits=\"userSpaceOnUse\">\n            <stop stop-color=\"#FFDA1C\"\/>\n            <stop offset=\"1\" stop-color=\"#FEB705\"\/>\n            <\/linearGradient>\n            <linearGradient id=\"paint2_linear_9_9\" x1=\"19.7657\" y1=\"4.95934\" x2=\"-15.0772\" y2=\"45.5368\" gradientUnits=\"userSpaceOnUse\">\n            <stop stop-color=\"#D9414F\"\/>\n            <stop offset=\"1\" stop-color=\"#8C193F\"\/>\n            <\/linearGradient>\n            <linearGradient id=\"paint3_linear_9_9\" x1=\"-2.18997\" y1=\"-6.27096\" x2=\"4.71665\" y2=\"5.36978\" gradientUnits=\"userSpaceOnUse\">\n            <stop stop-color=\"#33C481\"\/>\n            <stop offset=\"1\" stop-color=\"#61E3A7\"\/>\n            <\/linearGradient>\n            <\/defs>\n            <\/svg>\n        <div>\n            <span>Disponible en<\/span>\n            Google Play\n        <\/div>\n    <\/a>\n                                                                                                                                                                                <a href=\"https:\/\/apps.apple.com\/es\/app\/telpark\/id658204860\" class=\"tpk-button tpk-button--app dark\" target=\"_blank\">\n        <svg width=\"25\" height=\"30\" viewBox=\"0 0 25 30\" fill=\"none\" xmlns=\"http:\/\/www.w3.org\/2000\/svg\">\n            <path d=\"M23.643 10.227C23.469 10.362 20.397 12.093 20.397 15.942C20.397 20.394 24.306 21.969 24.423 22.008C24.405 22.104 23.802 24.165 22.362 26.265C21.078 28.113 19.737 29.958 17.697 29.958C15.657 29.958 15.132 28.773 12.777 28.773C10.482 28.773 9.666 29.997 7.8 29.997C5.934 29.997 4.632 28.287 3.135 26.187C1.401 23.721 0 19.89 0 16.254C0 10.422 3.792 7.329 7.524 7.329C9.507 7.329 11.16 8.631 12.405 8.631C13.59 8.631 15.438 7.251 17.694 7.251C18.549 7.251 21.621 7.329 23.643 10.227V10.227ZM16.623 4.782C17.556 3.675 18.216 2.139 18.216 0.603C18.216 0.39 18.198 0.174 18.159 0C16.641 0.057 14.835 1.011 13.746 2.274C12.891 3.246 12.093 4.782 12.093 6.339C12.093 6.573 12.132 6.807 12.15 6.882C12.246 6.9 12.402 6.921 12.558 6.921C13.92 6.921 15.633 6.009 16.623 4.782Z\" fill=\"white\"\/>\n        <\/svg>\n        <div>\n            <span>Disponible en<\/span>\n            Apple Store\n        <\/div>\n    <\/a>\n\n                                                                        <\/div>\n        <\/div>\n    <\/div>\n<\/section>\n","protected":false},"excerpt":{"rendered":"","protected":false},"author":1,"featured_media":0,"parent":0,"menu_order":0,"comment_status":"closed","ping_status":"closed","template":"","meta":[],"yoast_head":"<!-- This site is optimized with the Yoast SEO plugin v20.12 - https:\/\/yoast.com\/wordpress\/plugins\/seo\/ -->\n<title>Parqu\u00edmetre - ORA Sueca<\/title>\n<meta name=\"robots\" content=\"noindex, follow, max-snippet:-1, max-image-preview:large, max-video-preview:-1\" \/>\n<meta property=\"og:locale\" content=\"en_US\" \/>\n<meta property=\"og:type\" content=\"article\" \/>\n<meta property=\"og:title\" content=\"Parqu\u00edmetre - ORA Sueca\" \/>\n<meta property=\"og:url\" content=\"https:\/\/orasueca.com\/va\/parquimetro\/\" \/>\n<meta property=\"og:site_name\" content=\"ORA Sueca\" \/>\n<meta property=\"article:modified_time\" content=\"2025-01-29T09:01:29+00:00\" \/>\n<meta name=\"twitter:card\" content=\"summary_large_image\" \/>\n<script type=\"application\/ld+json\" class=\"yoast-schema-graph\">{\"@context\":\"https:\/\/schema.org\",\"@graph\":[{\"@type\":\"WebPage\",\"@id\":\"https:\/\/orasueca.com\/va\/parquimetro\/\",\"url\":\"https:\/\/orasueca.com\/va\/parquimetro\/\",\"name\":\"Parqu\u00edmetre - ORA Sueca\",\"isPartOf\":{\"@id\":\"https:\/\/orasueca.com\/#website\"},\"datePublished\":\"2023-06-08T10:54:00+00:00\",\"dateModified\":\"2025-01-29T09:01:29+00:00\",\"breadcrumb\":{\"@id\":\"https:\/\/orasueca.com\/va\/parquimetro\/#breadcrumb\"},\"inLanguage\":\"va\",\"potentialAction\":[{\"@type\":\"ReadAction\",\"target\":[\"https:\/\/orasueca.com\/va\/parquimetro\/\"]}]},{\"@type\":\"BreadcrumbList\",\"@id\":\"https:\/\/orasueca.com\/va\/parquimetro\/#breadcrumb\",\"itemListElement\":[{\"@type\":\"ListItem\",\"position\":1,\"name\":\"Home\",\"item\":\"https:\/\/orasueca.com\/va\/\"},{\"@type\":\"ListItem\",\"position\":2,\"name\":\"Parqu\u00edmetre\"}]},{\"@type\":\"WebSite\",\"@id\":\"https:\/\/orasueca.com\/#website\",\"url\":\"https:\/\/orasueca.com\/\",\"name\":\"ORA Sueca\",\"description\":\"Just another ORA Sites site\",\"publisher\":{\"@id\":\"https:\/\/orasueca.com\/#organization\"},\"potentialAction\":[{\"@type\":\"SearchAction\",\"target\":{\"@type\":\"EntryPoint\",\"urlTemplate\":\"https:\/\/orasueca.com\/?s={search_term_string}\"},\"query-input\":\"required name=search_term_string\"}],\"inLanguage\":\"va\"},{\"@type\":\"Organization\",\"@id\":\"https:\/\/orasueca.com\/#organization\",\"name\":\"ORA Sueca\",\"url\":\"https:\/\/orasueca.com\/\",\"logo\":{\"@type\":\"ImageObject\",\"inLanguage\":\"va\",\"@id\":\"https:\/\/orasueca.com\/#\/schema\/logo\/image\/\",\"url\":\"https:\/\/orasueca.com\/wp-content\/uploads\/sites\/39\/2025\/01\/cropped-images.jpeg\",\"contentUrl\":\"https:\/\/orasueca.com\/wp-content\/uploads\/sites\/39\/2025\/01\/cropped-images.jpeg\",\"width\":389,\"height\":129,\"caption\":\"ORA Sueca\"},\"image\":{\"@id\":\"https:\/\/orasueca.com\/#\/schema\/logo\/image\/\"}}]}<\/script>\n<!-- \/ Yoast SEO plugin. -->","yoast_head_json":{"title":"Parqu\u00edmetre - ORA Sueca","robots":{"index":"noindex","follow":"follow","max-snippet":"max-snippet:-1","max-image-preview":"max-image-preview:large","max-video-preview":"max-video-preview:-1"},"og_locale":"en_US","og_type":"article","og_title":"Parqu\u00edmetre - ORA Sueca","og_url":"https:\/\/orasueca.com\/va\/parquimetro\/","og_site_name":"ORA Sueca","article_modified_time":"2025-01-29T09:01:29+00:00","twitter_card":"summary_large_image","schema":{"@context":"https:\/\/schema.org","@graph":[{"@type":"WebPage","@id":"https:\/\/orasueca.com\/va\/parquimetro\/","url":"https:\/\/orasueca.com\/va\/parquimetro\/","name":"Parqu\u00edmetre - ORA Sueca","isPartOf":{"@id":"https:\/\/orasueca.com\/#website"},"datePublished":"2023-06-08T10:54:00+00:00","dateModified":"2025-01-29T09:01:29+00:00","breadcrumb":{"@id":"https:\/\/orasueca.com\/va\/parquimetro\/#breadcrumb"},"inLanguage":"va","potentialAction":[{"@type":"ReadAction","target":["https:\/\/orasueca.com\/va\/parquimetro\/"]}]},{"@type":"BreadcrumbList","@id":"https:\/\/orasueca.com\/va\/parquimetro\/#breadcrumb","itemListElement":[{"@type":"ListItem","position":1,"name":"Home","item":"https:\/\/orasueca.com\/va\/"},{"@type":"ListItem","position":2,"name":"Parqu\u00edmetre"}]},{"@type":"WebSite","@id":"https:\/\/orasueca.com\/#website","url":"https:\/\/orasueca.com\/","name":"ORA Sueca","description":"Just another ORA Sites site","publisher":{"@id":"https:\/\/orasueca.com\/#organization"},"potentialAction":[{"@type":"SearchAction","target":{"@type":"EntryPoint","urlTemplate":"https:\/\/orasueca.com\/?s={search_term_string}"},"query-input":"required name=search_term_string"}],"inLanguage":"va"},{"@type":"Organization","@id":"https:\/\/orasueca.com\/#organization","name":"ORA Sueca","url":"https:\/\/orasueca.com\/","logo":{"@type":"ImageObject","inLanguage":"va","@id":"https:\/\/orasueca.com\/#\/schema\/logo\/image\/","url":"https:\/\/orasueca.com\/wp-content\/uploads\/sites\/39\/2025\/01\/cropped-images.jpeg","contentUrl":"https:\/\/orasueca.com\/wp-content\/uploads\/sites\/39\/2025\/01\/cropped-images.jpeg","width":389,"height":129,"caption":"ORA Sueca"},"image":{"@id":"https:\/\/orasueca.com\/#\/schema\/logo\/image\/"}}]}},"meta_box":[],"_links":{"self":[{"href":"https:\/\/orasueca.com\/va\/wp-json\/wp\/v2\/pages\/301"}],"collection":[{"href":"https:\/\/orasueca.com\/va\/wp-json\/wp\/v2\/pages"}],"about":[{"href":"https:\/\/orasueca.com\/va\/wp-json\/wp\/v2\/types\/page"}],"author":[{"embeddable":true,"href":"https:\/\/orasueca.com\/va\/wp-json\/wp\/v2\/users\/1"}],"replies":[{"embeddable":true,"href":"https:\/\/orasueca.com\/va\/wp-json\/wp\/v2\/comments?post=301"}],"version-history":[{"count":3,"href":"https:\/\/orasueca.com\/va\/wp-json\/wp\/v2\/pages\/301\/revisions"}],"predecessor-version":[{"id":875,"href":"https:\/\/orasueca.com\/va\/wp-json\/wp\/v2\/pages\/301\/revisions\/875"}],"wp:attachment":[{"href":"https:\/\/orasueca.com\/va\/wp-json\/wp\/v2\/media?parent=301"}],"curies":[{"name":"wp","href":"https:\/\/api.w.org\/{rel}","templated":true}]}}