{"id":299,"date":"2023-06-08T12:54:42","date_gmt":"2023-06-08T10:54:42","guid":{"rendered":"https:\/\/orasueca.ora.cmspro.telpark.com\/formas-de-pago\/"},"modified":"2024-01-23T15:25:28","modified_gmt":"2024-01-23T14:25:28","slug":"formes-de-pagament","status":"publish","type":"page","link":"https:\/\/orasueca.com\/va\/formes-de-pagament\/","title":{"rendered":"Formes de pagament"},"content":{"rendered":"\n<section class=\"tpk-hero                 lower\"\n         style=\"\">\n                        <picture >\n\n                    <source srcset=\"https:\/\/orasueca.com\/wp-content\/uploads\/sites\/39\/2023\/06\/56e55c9267572_55acd161c5c71_DSCF5467-480x300.jpg\" media=\"((min-width: 0rem) and (max-width: 30rem))\">\n                             <source srcset=\"https:\/\/orasueca.com\/wp-content\/uploads\/sites\/39\/2023\/06\/56e55c9267572_55acd161c5c71_DSCF5467-1024x300.jpg\" media=\"(min-width: 30rem) and (max-width: 64rem)\" >\n                            <source srcset=\"https:\/\/orasueca.com\/wp-content\/uploads\/sites\/39\/2023\/06\/56e55c9267572_55acd161c5c71_DSCF5467.jpg\" media=\"(min-width: 64rem)\" >\n        \n        \n                                                                                                        \n        <img src=\"https:\/\/orasueca.com\/wp-content\/uploads\/sites\/39\/2023\/06\/56e55c9267572_55acd161c5c71_DSCF5467.jpg\" alt=\"\"  width=\"1140\" height=\"300\"  loading=\"eager\">\n    <\/picture>\n\n    \n        <div class=\"tpk-hero__content wrapper row\">\n                    <div class=\"col-xs-12 col-sm-12 pr-h pl-h\">\n                                <header class=\"tpk-head  wrapper\">\n        <h1 class=\"tpk-head__title\">Formes de pagament<\/h1>    <\/header>\n            \n                    <\/div>\n    <\/div>\n    <\/section>\n<div class=\"tpk-spinner__wrapper\">\n    <div class=\"tpk-spinner\"><\/div>\n<\/div>\n\n<article class=\"tpk-page\">\n    <div class=\"row wrapper center-xs tpk-page__content\">\n        <div class=\"col-xs-12 col-sm-10 col-md-8 pt-4 pb-4\">\n            <h2>Informaci\u00f3<\/h2>\n<p>Pot abonar la taxa d'aparcament en met\u00e0l\u00b7lic o per mitj\u00e0 de Smartphone amb la nostra aplicaci\u00f3 telpark - <a href=\"http:\/\/www.telpark.com\" target=\"_blank\" rel=\"noopener\">www.telpark.com<\/a><\/p>\n<blockquote>\n<p><strong>Per a realitzar el pagament amb monedes seguisca les instruccions que trobar\u00e0 en el parqu\u00edmetre.<\/strong><\/p>\n<p><strong>Amb els nous models de parqu\u00edmetres tamb\u00e9 es podr\u00e0 realitzar el pagament per mitj\u00e0 de targeta banc\u00e0ria, ja siga introduint-la en la ranura apropiada, o aproximant-la si es tracta d'una targeta contactless.<\/strong><\/p>\n<p><strong>Per a realitzar el pagament per mitj\u00e0 de tel\u00e8fon m\u00f2bil consulte informaci\u00f3 en <a href=\"http:\/\/www.telpark.com\" target=\"_blank\" rel=\"noopener\">www.telpark.com<\/a><\/strong><\/p>\n<\/blockquote>\n\n        <\/div>\n    <\/div>\n<\/article>\n\n\n<section class=\"tpk-banner-cta tpk-banner-cta--half   \"\n         style=\"                 \">\n    <div class=\"tpk-banner-cta--half__picture\">\n                                    <picture >\n\n                    <source srcset=\"https:\/\/orasueca.com\/wp-content\/uploads\/sites\/39\/2023\/06\/589074be4670b_Noticia_Ora_-Xativa-460x320.jpg\" media=\"((min-width: 0rem) and (max-width: 30rem))\">\n                             <source srcset=\"https:\/\/orasueca.com\/wp-content\/uploads\/sites\/39\/2023\/06\/589074be4670b_Noticia_Ora_-Xativa-520x320.jpg\" media=\"(min-width: 30rem) and (max-width: 64rem)\" >\n                            <source srcset=\"https:\/\/orasueca.com\/wp-content\/uploads\/sites\/39\/2023\/06\/589074be4670b_Noticia_Ora_-Xativa.jpg\" media=\"(min-width: 64rem)\" >\n        \n        \n                                                                                                        \n        <img src=\"https:\/\/orasueca.com\/wp-content\/uploads\/sites\/39\/2023\/06\/589074be4670b_Noticia_Ora_-Xativa.jpg\" alt=\"\"  width=\"730\" height=\"320\"  loading=\"lazy\" >\n    <\/picture>\n\n            <\/div>\n\n    <div class=\"tpk-banner-cta__content row wrapper middle-xs\">\n        <div class=\"col-xs-12 col-md-6 tpk-banner-cta__content__text\">\n                        <header class=\"tpk-head  wrapper\">\n    <p class=\"tpk-head__caption\">Informaci\u00f3<\/p>    <h2 class=\"tpk-head__title\">Zona blava<\/h2>    <p><strong>Horari<\/strong><\/p>\n<ul>\n<li><strong>Dilluns a divendres<\/strong> de 09:00h a 13:00h i de 17:00h a 20:00h.<\/li>\n<li><strong>Dissabtes<\/strong> de 09:00h a 13:00h.<\/li>\n<li><strong>Diumenges i festius<\/strong> sense servici.<\/li>\n<\/ul>\n<p><strong>Tarifes<\/strong><\/p>\n<ul>\n<li>25 minuts (m\u00ednim): <strong>0,25 \u20ac<\/strong><\/li>\n<li>60 minuts: <strong>0,65 \u20ac<\/strong><\/li>\n<li>120 minuts (m\u00e0xim): <strong>1,40 \u20ac<\/strong><\/li>\n<\/ul>\n<\/header>            <div class=\"tpk-banner-cta__buttons\">\n                                                        <a  class=\"tpk-button tpk-button--primary tpk-button--lg \" href=\"https:\/\/orasueca.com\/va\/horaris-i-tarifes\/\"    >\n    <span>Consultar<\/span>\n    <\/a>                            <\/div>\n        <\/div>\n    <\/div>\n<\/section>\n\n\n<section\n        class=\"tpk-banner-cta tpk-banner-cta--background   \"\n        style=\" --bg-picture: url('https:\/\/orasueca.com\/wp-content\/uploads\/sites\/39\/2023\/06\/banner.jpg'); \">\n    <div class=\"tpk-banner-cta__content row wrapper middle-xs \">\n                                <div class=\"col-xs-12 col-md-6 tpk-banner-cta__content__text  \">\n                                                <header class=\"tpk-head  wrapper\">\n    <p class=\"tpk-head__caption\">Consulta les zones d'estacionament regulat<\/p>    <h2 class=\"tpk-head__title\">Pla General de Sueca<\/h2>    <\/header>                                    <div class=\"tpk-banner-cta__buttons\">\n                                                                                <a  class=\"tpk-button tpk-button--primary tpk-button--lg \" href=\"\/va\/planos\/\"    >\n    <span>Veure<\/span>\n    <\/a>                                            <\/div>\n                            <\/div>\n        <\/div>\n<\/section>\n\n<article class=\"tpk-page\">\n    <div class=\"row wrapper center-xs tpk-page__content\">\n        <div class=\"col-xs-12 col-sm-10 col-md-8 pt-4 pb-4\">\n            <h3>Preguntes Freq\u00fcents<\/h3>\n<blockquote>\n<p>Si t\u00e9 qualsevol dubte no dubte a consultar la nostra F.A.Q. (Preguntes Freq\u00fcents) on trobar\u00e0 les q\u00fcestions realitzades per la majoria dels usuaris.<\/p>\n<p><a href=\"https:\/\/orasueca.ora.cmspro.telpark.com\/va\/faqs\/\">VEURE PREGUNTES FREQ\u00dcENTS<\/a><\/p>\n<\/blockquote>\n\n        <\/div>\n    <\/div>\n<\/article>\n\n\n<section class=\"tpk-banner-app \">\n    <div class=\"row wrapper middle-xs\">\n        <div class=\"col-xs-12 col-sm-6 col-no-gutter tpk-banner-app__picture\">\n                                                <picture class=\"hide-xs show-sm\">\n\n                             <source srcset=\"https:\/\/orasueca.com\/wp-content\/uploads\/sites\/39\/2025\/01\/Web_bloqueORA_Mesa-de-trabajo-1-1-488x534.webp\" media=\"(min-width: 30rem) and (max-width: 64rem)\" >\n                            <source srcset=\"https:\/\/orasueca.com\/wp-content\/uploads\/sites\/39\/2025\/01\/Web_bloqueORA_Mesa-de-trabajo-1-1.webp\" media=\"(min-width: 64rem)\" >\n        \n        \n                                                                                                        \n        <img src=\"https:\/\/orasueca.com\/wp-content\/uploads\/sites\/39\/2025\/01\/Web_bloqueORA_Mesa-de-trabajo-1-1.webp\" alt=\"\"  width=\"600\" height=\"600\"  loading=\"lazy\" >\n    <\/picture>\n\n                                <\/div>\n        <div class=\"col-xs-12 col-sm-6 tpk-banner-app__content\">\n                        <header class=\"tpk-head  wrapper\">\n    <p class=\"tpk-head__caption\">Aparca i seguix<\/p>    <h2 class=\"tpk-head__title\">Escaneja el codi amb el teu m\u00f2bil per a descarregar l'app<\/h2>    <\/header>\n                        <div class=\"tpk-banner-app__buttons\">\n                                                                                                                    \n    <a href=\"https:\/\/play.google.com\/store\/apps\/details?id=com.delaware.empark\" class=\"tpk-button tpk-button--app dark\" target=\"_blank\">\n        <svg width=\"23\" height=\"26\" viewBox=\"0 0 23 26\" fill=\"none\" xmlns=\"http:\/\/www.w3.org\/2000\/svg\">\n            <path fill-rule=\"evenodd\" clip-rule=\"evenodd\" d=\"M0.862422 0.87988C0.581172 1.18175 0.419922 1.64675 0.419922 2.25113V23.7411C0.419922 24.3455 0.581172 24.8105 0.873047 25.1018L0.949297 25.1661L12.9905 13.1249V12.8543L0.938672 0.815505L0.862422 0.87988Z\" fill=\"url(#paint0_linear_9_9)\"\/>\n            <path fill-rule=\"evenodd\" clip-rule=\"evenodd\" d=\"M16.9962 17.1543L12.98 13.1368V12.8556L16.9975 8.83807L17.0843 8.89182L21.8362 11.5924C23.1968 12.3593 23.1968 13.6231 21.8362 14.4006L17.0843 17.1012L16.9962 17.1543Z\" fill=\"url(#paint1_linear_9_9)\"\/>\n            <path fill-rule=\"evenodd\" clip-rule=\"evenodd\" d=\"M17.083 17.1005L12.9799 12.9961L0.862371 25.1136C1.30487 25.5892 2.04987 25.643 2.88237 25.178L17.083 17.1005Z\" fill=\"url(#paint2_linear_9_9)\"\/>\n            <path fill-rule=\"evenodd\" clip-rule=\"evenodd\" d=\"M17.083 8.89304L2.88237 0.82616C2.05112 0.350535 1.30487 0.41491 0.862371 0.890535L12.9786 12.9962L17.083 8.89304Z\" fill=\"url(#paint3_linear_9_9)\"\/>\n            <defs>\n            <linearGradient id=\"paint0_linear_9_9\" x1=\"35.6607\" y1=\"-6.74995\" x2=\"-5.23028\" y2=\"12.2052\" gradientUnits=\"userSpaceOnUse\">\n            <stop stop-color=\"#047ED6\"\/>\n            <stop offset=\"1\" stop-color=\"#50E6FF\"\/>\n            <\/linearGradient>\n            <linearGradient id=\"paint1_linear_9_9\" x1=\"24.5643\" y1=\"12.9971\" x2=\"-6.03917\" y2=\"12.9971\" gradientUnits=\"userSpaceOnUse\">\n            <stop stop-color=\"#FFDA1C\"\/>\n            <stop offset=\"1\" stop-color=\"#FEB705\"\/>\n            <\/linearGradient>\n            <linearGradient id=\"paint2_linear_9_9\" x1=\"19.7657\" y1=\"4.95934\" x2=\"-15.0772\" y2=\"45.5368\" gradientUnits=\"userSpaceOnUse\">\n            <stop stop-color=\"#D9414F\"\/>\n            <stop offset=\"1\" stop-color=\"#8C193F\"\/>\n            <\/linearGradient>\n            <linearGradient id=\"paint3_linear_9_9\" x1=\"-2.18997\" y1=\"-6.27096\" x2=\"4.71665\" y2=\"5.36978\" gradientUnits=\"userSpaceOnUse\">\n            <stop stop-color=\"#33C481\"\/>\n            <stop offset=\"1\" stop-color=\"#61E3A7\"\/>\n            <\/linearGradient>\n            <\/defs>\n            <\/svg>\n        <div>\n            <span>Disponible en<\/span>\n            Google Play\n        <\/div>\n    <\/a>\n                                                                                                                                                                                <a href=\"https:\/\/apps.apple.com\/es\/app\/telpark\/id658204860\" class=\"tpk-button tpk-button--app dark\" target=\"_blank\">\n        <svg width=\"25\" height=\"30\" viewBox=\"0 0 25 30\" fill=\"none\" xmlns=\"http:\/\/www.w3.org\/2000\/svg\">\n            <path d=\"M23.643 10.227C23.469 10.362 20.397 12.093 20.397 15.942C20.397 20.394 24.306 21.969 24.423 22.008C24.405 22.104 23.802 24.165 22.362 26.265C21.078 28.113 19.737 29.958 17.697 29.958C15.657 29.958 15.132 28.773 12.777 28.773C10.482 28.773 9.666 29.997 7.8 29.997C5.934 29.997 4.632 28.287 3.135 26.187C1.401 23.721 0 19.89 0 16.254C0 10.422 3.792 7.329 7.524 7.329C9.507 7.329 11.16 8.631 12.405 8.631C13.59 8.631 15.438 7.251 17.694 7.251C18.549 7.251 21.621 7.329 23.643 10.227V10.227ZM16.623 4.782C17.556 3.675 18.216 2.139 18.216 0.603C18.216 0.39 18.198 0.174 18.159 0C16.641 0.057 14.835 1.011 13.746 2.274C12.891 3.246 12.093 4.782 12.093 6.339C12.093 6.573 12.132 6.807 12.15 6.882C12.246 6.9 12.402 6.921 12.558 6.921C13.92 6.921 15.633 6.009 16.623 4.782Z\" fill=\"white\"\/>\n        <\/svg>\n        <div>\n            <span>Disponible en<\/span>\n            Apple Store\n        <\/div>\n    <\/a>\n\n                                                                        <\/div>\n        <\/div>\n    <\/div>\n<\/section>\n","protected":false},"excerpt":{"rendered":"","protected":false},"author":1,"featured_media":0,"parent":0,"menu_order":0,"comment_status":"closed","ping_status":"closed","template":"","meta":[],"yoast_head":"<!-- This site is optimized with the Yoast SEO plugin v20.12 - https:\/\/yoast.com\/wordpress\/plugins\/seo\/ -->\n<title>Formes de pagament - ORA Sueca<\/title>\n<meta name=\"robots\" content=\"noindex, follow, max-snippet:-1, max-image-preview:large, max-video-preview:-1\" \/>\n<meta property=\"og:locale\" content=\"en_US\" \/>\n<meta property=\"og:type\" content=\"article\" \/>\n<meta property=\"og:title\" content=\"Formes de pagament - ORA Sueca\" \/>\n<meta property=\"og:url\" content=\"https:\/\/orasueca.com\/va\/formes-de-pagament\/\" \/>\n<meta property=\"og:site_name\" content=\"ORA Sueca\" \/>\n<meta property=\"article:modified_time\" content=\"2024-01-23T14:25:28+00:00\" \/>\n<meta name=\"twitter:card\" content=\"summary_large_image\" \/>\n<script type=\"application\/ld+json\" class=\"yoast-schema-graph\">{\"@context\":\"https:\/\/schema.org\",\"@graph\":[{\"@type\":\"WebPage\",\"@id\":\"https:\/\/orasueca.com\/va\/formes-de-pagament\/\",\"url\":\"https:\/\/orasueca.com\/va\/formes-de-pagament\/\",\"name\":\"Formes de pagament - ORA Sueca\",\"isPartOf\":{\"@id\":\"https:\/\/orasueca.com\/#website\"},\"datePublished\":\"2023-06-08T10:54:42+00:00\",\"dateModified\":\"2024-01-23T14:25:28+00:00\",\"breadcrumb\":{\"@id\":\"https:\/\/orasueca.com\/va\/formes-de-pagament\/#breadcrumb\"},\"inLanguage\":\"va\",\"potentialAction\":[{\"@type\":\"ReadAction\",\"target\":[\"https:\/\/orasueca.com\/va\/formes-de-pagament\/\"]}]},{\"@type\":\"BreadcrumbList\",\"@id\":\"https:\/\/orasueca.com\/va\/formes-de-pagament\/#breadcrumb\",\"itemListElement\":[{\"@type\":\"ListItem\",\"position\":1,\"name\":\"Home\",\"item\":\"https:\/\/orasueca.com\/va\/\"},{\"@type\":\"ListItem\",\"position\":2,\"name\":\"Formes de pagament\"}]},{\"@type\":\"WebSite\",\"@id\":\"https:\/\/orasueca.com\/#website\",\"url\":\"https:\/\/orasueca.com\/\",\"name\":\"ORA Sueca\",\"description\":\"Just another ORA Sites site\",\"publisher\":{\"@id\":\"https:\/\/orasueca.com\/#organization\"},\"potentialAction\":[{\"@type\":\"SearchAction\",\"target\":{\"@type\":\"EntryPoint\",\"urlTemplate\":\"https:\/\/orasueca.com\/?s={search_term_string}\"},\"query-input\":\"required name=search_term_string\"}],\"inLanguage\":\"va\"},{\"@type\":\"Organization\",\"@id\":\"https:\/\/orasueca.com\/#organization\",\"name\":\"ORA Sueca\",\"url\":\"https:\/\/orasueca.com\/\",\"logo\":{\"@type\":\"ImageObject\",\"inLanguage\":\"va\",\"@id\":\"https:\/\/orasueca.com\/#\/schema\/logo\/image\/\",\"url\":\"https:\/\/orasueca.com\/wp-content\/uploads\/sites\/39\/2025\/01\/cropped-images.jpeg\",\"contentUrl\":\"https:\/\/orasueca.com\/wp-content\/uploads\/sites\/39\/2025\/01\/cropped-images.jpeg\",\"width\":389,\"height\":129,\"caption\":\"ORA Sueca\"},\"image\":{\"@id\":\"https:\/\/orasueca.com\/#\/schema\/logo\/image\/\"}}]}<\/script>\n<!-- \/ Yoast SEO plugin. -->","yoast_head_json":{"title":"Formes de pagament - ORA Sueca","robots":{"index":"noindex","follow":"follow","max-snippet":"max-snippet:-1","max-image-preview":"max-image-preview:large","max-video-preview":"max-video-preview:-1"},"og_locale":"en_US","og_type":"article","og_title":"Formes de pagament - ORA Sueca","og_url":"https:\/\/orasueca.com\/va\/formes-de-pagament\/","og_site_name":"ORA Sueca","article_modified_time":"2024-01-23T14:25:28+00:00","twitter_card":"summary_large_image","schema":{"@context":"https:\/\/schema.org","@graph":[{"@type":"WebPage","@id":"https:\/\/orasueca.com\/va\/formes-de-pagament\/","url":"https:\/\/orasueca.com\/va\/formes-de-pagament\/","name":"Formes de pagament - ORA Sueca","isPartOf":{"@id":"https:\/\/orasueca.com\/#website"},"datePublished":"2023-06-08T10:54:42+00:00","dateModified":"2024-01-23T14:25:28+00:00","breadcrumb":{"@id":"https:\/\/orasueca.com\/va\/formes-de-pagament\/#breadcrumb"},"inLanguage":"va","potentialAction":[{"@type":"ReadAction","target":["https:\/\/orasueca.com\/va\/formes-de-pagament\/"]}]},{"@type":"BreadcrumbList","@id":"https:\/\/orasueca.com\/va\/formes-de-pagament\/#breadcrumb","itemListElement":[{"@type":"ListItem","position":1,"name":"Home","item":"https:\/\/orasueca.com\/va\/"},{"@type":"ListItem","position":2,"name":"Formes de pagament"}]},{"@type":"WebSite","@id":"https:\/\/orasueca.com\/#website","url":"https:\/\/orasueca.com\/","name":"ORA Sueca","description":"Just another ORA Sites site","publisher":{"@id":"https:\/\/orasueca.com\/#organization"},"potentialAction":[{"@type":"SearchAction","target":{"@type":"EntryPoint","urlTemplate":"https:\/\/orasueca.com\/?s={search_term_string}"},"query-input":"required name=search_term_string"}],"inLanguage":"va"},{"@type":"Organization","@id":"https:\/\/orasueca.com\/#organization","name":"ORA Sueca","url":"https:\/\/orasueca.com\/","logo":{"@type":"ImageObject","inLanguage":"va","@id":"https:\/\/orasueca.com\/#\/schema\/logo\/image\/","url":"https:\/\/orasueca.com\/wp-content\/uploads\/sites\/39\/2025\/01\/cropped-images.jpeg","contentUrl":"https:\/\/orasueca.com\/wp-content\/uploads\/sites\/39\/2025\/01\/cropped-images.jpeg","width":389,"height":129,"caption":"ORA Sueca"},"image":{"@id":"https:\/\/orasueca.com\/#\/schema\/logo\/image\/"}}]}},"meta_box":[],"_links":{"self":[{"href":"https:\/\/orasueca.com\/va\/wp-json\/wp\/v2\/pages\/299"}],"collection":[{"href":"https:\/\/orasueca.com\/va\/wp-json\/wp\/v2\/pages"}],"about":[{"href":"https:\/\/orasueca.com\/va\/wp-json\/wp\/v2\/types\/page"}],"author":[{"embeddable":true,"href":"https:\/\/orasueca.com\/va\/wp-json\/wp\/v2\/users\/1"}],"replies":[{"embeddable":true,"href":"https:\/\/orasueca.com\/va\/wp-json\/wp\/v2\/comments?post=299"}],"version-history":[{"count":2,"href":"https:\/\/orasueca.com\/va\/wp-json\/wp\/v2\/pages\/299\/revisions"}],"predecessor-version":[{"id":638,"href":"https:\/\/orasueca.com\/va\/wp-json\/wp\/v2\/pages\/299\/revisions\/638"}],"wp:attachment":[{"href":"https:\/\/orasueca.com\/va\/wp-json\/wp\/v2\/media?parent=299"}],"curies":[{"name":"wp","href":"https:\/\/api.w.org\/{rel}","templated":true}]}}