{"id":291,"date":"2023-06-08T12:57:04","date_gmt":"2023-06-08T10:57:04","guid":{"rendered":"https:\/\/orasueca.ora.cmspro.telpark.com\/politica-de-privacidad\/"},"modified":"2024-01-23T15:26:24","modified_gmt":"2024-01-23T14:26:24","slug":"politica-de-privacitat","status":"publish","type":"page","link":"https:\/\/orasueca.com\/va\/politica-de-privacitat\/","title":{"rendered":"Pol\u00edtica de Privacitat"},"content":{"rendered":"\n<p><strong>1. Responsable del tractament<\/strong><\/p>\n\n\n\n<p>El responsable del tractament de les dades personals que ens proporcione \u00e9s&nbsp;<strong>Dornier, S.A.&nbsp;(\u201cDornier\u201d)<\/strong>&nbsp;amb&nbsp;CIF A58369497. Les dades de contacte del responsable s\u00f3n els seg\u00fcents:<\/p>\n\n\n\n<ul><li>Adre\u00e7a postal: C\/ Avenida del General Per\u00f3n n\u00ba36, 1a Planta, 28020.<\/li><li>Tel\u00e8fon: 91 54 68 900<\/li><\/ul>\n\n\n\n<p>El Grup Empark, del que forma part Dornier, ha anomenat un Delegat de Protecci\u00f3 de Dades, davant del qual podr\u00e0 posar de manifest qualsevol q\u00fcesti\u00f3 relativa al tractament de les seues dades personals i les dades de contacte del qual s\u00f3n els seg\u00fcents:<\/p>\n\n\n\n<ul><li>Adre\u00e7a postal: C\/ Avenida del General Per\u00f3n n\u00ba36, 1a Planta, 28020.<\/li><li>Correu electr\u00f2nic: <a href=\"mailto:dpo@empark.com\">dpo@empark.com<\/a><\/li><\/ul>\n\n\n\n<p><strong>2. Finalitats del tractament, bases legitimadores i terminis de conservaci\u00f3 de les seues dades<\/strong><\/p>\n\n\n\n<p><em>a). Consultes i peticions d'informaci\u00f3<\/em><\/p>\n\n\n\n<p>Les seues dades podran ser tractats per a l'atenci\u00f3, gesti\u00f3 i satisfacci\u00f3 de la consulta o petici\u00f3 d'informaci\u00f3 relativa a un servici que ens remeta a trav\u00e9s del formulari de contacte, ubicat en l'enllace seg\u00fcent: <a href=\"http:\/\/orasueca.ora.cmspro.telpark.com\/va\/atencio-al-ciutada\">http:\/\/orasueca.ora.cmspro.telpark.com\/va\/atencio-al-ciutada<\/a>, o a trav\u00e9s del nostre e-mail oficial del lloc web: <a href=\"file:\/\/\/Z:\/Dise%C3%B1o\/ORA\/GDRP%202018\/Valenciano\/oraxativa@dornier.es\">oraxativa@dornier.es<\/a>. Estos tractaments troben la seua base leg\u00edtima en el consentiment que ens presta a trav\u00e9s de l'enviament del mail en el que inclou la seua consulta o a trav\u00e9s del formulari que vost\u00e9 \u00f2mpliga en l'enlla\u00e7 anteriorment assenyalat.<\/p>\n\n\n\n<p>Les dades personals facilitats seran conservats mentres siguen necessaris per a la gesti\u00f3 i satisfacci\u00f3 de la seua consulta o petici\u00f3 d'informaci\u00f3. Superat este per\u00edode, les dades seran definitivament cancel\u00b7lats<\/p>\n\n\n\n<p><em>&nbsp;b). Aplicacions a processos de selecci\u00f3<\/em><\/p>\n\n\n\n<p>Les seues dades tamb\u00e9 podran ser tractats per a la gesti\u00f3 del proc\u00e9s de selecci\u00f3 a qu\u00e8 aplic, o per a l'oferta d'un lloc de treball, en el cas que vost\u00e9 no aplic a un proc\u00e9s de selecci\u00f3 concret, durant el per\u00edode d'1 any. La base leg\u00edtima per a este tractament es troba en l'execuci\u00f3 de mesures precontractuals, en tant que la finalitat del proc\u00e9s de selecci\u00f3 \u00e9s la possible contractaci\u00f3 laboral.<\/p>\n\n\n\n<p>Les dades personals facilitats seran conservats mentres siguen necessaris per a la finalitzaci\u00f3 d'un proc\u00e9s de selecci\u00f3 espec\u00edfic o per a la busca d'una oferta d'un lloc de treball, durant el per\u00edode d'1 any. Superats estos per\u00edodes, les dades seran definitivament cancel\u00b7lats.<\/p>\n\n\n\n<p><em>c). Enviament de comunicacions comercials i d'oportunitats professionals a no clients<\/em><\/p>\n\n\n\n<p>Sempre que haja prestat el seu consentiment, les seues dades seran tractats per a l'enviament de comunicacions comercials sobre productes o servicis del Grup Empark o de tercers, relacionats amb els sectors d'aparcament i de pagament electr\u00f2nic, o per a l'enviament d'oportunitats professionals per a treballar amb nosaltres. La base leg\u00edtima d'estos tractaments \u00e9s el consentiment que vost\u00e9 haja prestat. Les seues dades seran tractats fins al moment en qu\u00e8 retire el seu consentiment, moment en el qual seran definitivament cancel\u00b7lats. Podr\u00e0 retirar el consentiment prestat a trav\u00e9s dels canals continguts en l'apartat 4 d'esta Pol\u00edtica.<\/p>\n\n\n\n<p><em>d). Tractaments realitzats sobre les dades personals dels nostres clients<\/em><\/p>\n\n\n\n<p>En el cas que vost\u00e9 haja contractat un dels nostres productes o servicis, les seues dades seran tractats per a la gesti\u00f3 dels dits productes y\/o servicis.<\/p>\n\n\n\n<p>Addicionalment, Dornier podr\u00e0 tractar les seues dades personals per a complir a qualsevol obligaci\u00f3 legal que li incumbisca, incloent obligacions tribut\u00e0ries i, si \u00e9s el cas, la normativa local que siga aplicable.<\/p>\n\n\n\n<p>Dornier podr\u00e0 contactar amb els seus clients per a informar-los sobre productes o servicis semblants als contractats i oferits per Dornier&nbsp;que puguen ser del seu inter\u00e9s. Per al desenrotllament d'esta finalitat les seues dades seran tractats per a aplicar t\u00e8cniques de perfilado\/segmentaci\u00f3n que permeten que els productes o servicis que podem oferir s'ajusten el m\u00e0xim possible als seus interessos i necessitats. En esta an\u00e0lisi, es podran tindre en compte les seues dades demogr\u00e0fiques, aix\u00ed com els referents al tipus de producte contractat.<\/p>\n\n\n\n<p>En el cas que el client haja prestat el seu consentiment, les seues dades tamb\u00e9 podran ser tractats per a informar-li sobre altres productes o servicis oferits pel Grup Empark o per tercers, relacionats amb els sectors d'aparcament i de pagament electr\u00f2nic. Per al desenrotllament d'esta finalitat les seues dades seran tractats per a aplicar t\u00e8cniques de perfilado\/segmentaci\u00f3n que permeten que els productes o servicis que podem oferir-li s'ajusten el m\u00e0xim possible als seus interessos i necessitats. En esta an\u00e0lisi, es podran tindre en compte les seues dades demogr\u00e0fiques, aix\u00ed com els referents al tipus de producte contractat.<\/p>\n\n\n\n<p>Aix\u00ed mateix, en el cas que el client haja prestat el seu consentiment, les seues dades personals podran ser cedits a empreses del Grup Empark o a terceres empreses relacionades amb els sectors d'aparcament i de pagament electr\u00f2nic, amb la finalitat que puguen posar-se en contacte amb vost\u00e9 per a informar-li sobre productes i servicis que estes empreses comercialitzen.<\/p>\n\n\n\n<p>El client podr\u00e0 retirar el consentiment prestat o oposar-se a la recepci\u00f3 de comunicacions comercials a trav\u00e9s dels canals especificats en l'apartat 4 d'esta Pol\u00edtica.<\/p>\n\n\n\n<p>Les dades personals dels clients seran conservats mentres siguen necessaris per a les finalitats anteriorment descrites. Per a aquells tractaments en qu\u00e8 vost\u00e9 haja prestat el seu consentiment, les seues dades seran tractats fins al moment en qu\u00e8 retire el seu consentiment. En el moment en qu\u00e8 no siguen necessaris per a estes finalitats, les dades seran bloquejats durant el per\u00edode en qu\u00e8 puguen ser necessaris per a l'exercici o la defensa enfront d'accions administratives o judicials i nom\u00e9s podran ser desbloquejats i tractats de nou per este motiu. Superat este per\u00edode, les dades seran definitivament cancel\u00b7lats.<\/p>\n\n\n\n<p><strong>3.&nbsp;Destinataris de les dades personals<\/strong><\/p>\n\n\n\n<p>Les seues dades personals podran ser cedits a Administracions, Autoritats i Organismes P\u00fablics, inclosos Jutjats i Tribunals, quan aix\u00ed ho exigisca la normativa aplicable.<\/p>\n\n\n\n<p>Tamb\u00e9 podran tindre acc\u00e9s a les seues dades personals els prove\u00efdors de servicis que Dornier contracte o puga contractar i que tinguen la condici\u00f3 d'encarregat de tractament, aix\u00ed com empreses del Grup Empark, amb l'\u00fanic prop\u00f2sit de gestionar les finalitats anteriorment descrites.<\/p>\n\n\n\n<p>Tamb\u00e9 podran ser cedits les seues dades personals a empreses del Grup Empark o a terceres empreses relacionades amb els sectors d'aparcament i de pagament electr\u00f2nic, sempre que, sent client nostre, haja prestat el seu consentiment per a aix\u00f2.<\/p>\n\n\n\n<p>Pot consultar el llistat d'empreses del Grup Empark en l'enllace seg\u00fcent: <a href=\"https:\/\/www.empark.com\/es\/es\/listado-de-sociedades-del-grupo-empark\">https:\/\/www.empark.com\/es\/es\/listado-de-sociedades-del-grupo-empark<\/a><\/p>\n\n\n\n<p><strong>4.&nbsp;&nbsp;Drets de l'interessat en relaci\u00f3 amb el tractament de les seues dades personals<\/strong><\/p>\n\n\n\n<p>Vost\u00e9 podr\u00e0 exercir els seus drets d'acc\u00e9s, rectificaci\u00f3, cancel\u00b7laci\u00f3, limitaci\u00f3 del tractament i portabilitat de les dades en els casos i amb l'abast que establisca la normativa aplicable en cada moment<\/p>\n\n\n\n<p>Tamb\u00e9 t\u00e9 dret a retirar el consentiment prestat en qualsevol moment i a oposar-se a rebre comunicacions comercials.<\/p>\n\n\n\n<p>Per a exercir estos drets podr\u00e0 dirigir-se a Dornier per algun dels canals seg\u00fcents:<\/p>\n\n\n\n<ul><li>Correu postal, adjuntant fotoc\u00f2pia del seu DNI, passaport o qualsevol altre document identificatiu, i petici\u00f3 en qu\u00e8 es concrete la sol\u00b7licitud a Dornier, S.A., Avinguda del General Per\u00f3n, 36, planta 1a - Departament d'Atenci\u00f3 al Client RGPD.<\/li><li>Correu electr\u00f2nic a la direcci\u00f3 <a href=\"mailto:dpo@empark.com\">dpo@empark.com<\/a> amb la informaci\u00f3 seg\u00fcent: nom i cognoms de l'interessat, fotoc\u00f2pia del Document Nacional d'Identitat, passaport o qualsevol altre document identificatiu, i petici\u00f3 en qu\u00e8 es concrete la sol\u00b7licitud.<\/li><\/ul>\n\n\n\n<p>Se li informa, aix\u00ed mateix, del seu dret a presentar una reclamaci\u00f3 davant de l'Ag\u00e8ncia Espanyola de Protecci\u00f3 de Dades<\/p>\n","protected":false},"excerpt":{"rendered":"<p>1. Responsable del tractament El responsable del tractament de les dades personals que ens proporcione \u00e9s&nbsp;Dornier, S.A.&nbsp;(\u201cDornier\u201d)&nbsp;amb&nbsp;CIF A58369497. Les dades de contacte del responsable s\u00f3n els seg\u00fcents: Adre\u00e7a postal: C\/ Avenida del General Per\u00f3n n\u00ba36, 1a Planta, 28020. Tel\u00e8fon: 91 54 68 900 El Grup Empark, del que forma part Dornier, ha anomenat un Delegat [&hellip;]<\/p>\n","protected":false},"author":1,"featured_media":0,"parent":0,"menu_order":0,"comment_status":"closed","ping_status":"closed","template":"template-privacy.php","meta":[],"yoast_head":"<!-- This site is optimized with the Yoast SEO plugin v20.12 - https:\/\/yoast.com\/wordpress\/plugins\/seo\/ -->\n<title>Pol\u00edtica de Privacitat - ORA Sueca<\/title>\n<meta name=\"robots\" content=\"noindex, follow, max-snippet:-1, max-image-preview:large, max-video-preview:-1\" \/>\n<meta property=\"og:locale\" content=\"en_US\" \/>\n<meta property=\"og:type\" content=\"article\" \/>\n<meta property=\"og:title\" content=\"Pol\u00edtica de Privacitat - ORA Sueca\" \/>\n<meta property=\"og:description\" content=\"1. Responsable del tractament El responsable del tractament de les dades personals que ens proporcione \u00e9s&nbsp;Dornier, S.A.&nbsp;(\u201cDornier\u201d)&nbsp;amb&nbsp;CIF A58369497. Les dades de contacte del responsable s\u00f3n els seg\u00fcents: Adre\u00e7a postal: C\/ Avenida del General Per\u00f3n n\u00ba36, 1a Planta, 28020. Tel\u00e8fon: 91 54 68 900 El Grup Empark, del que forma part Dornier, ha anomenat un Delegat [&hellip;]\" \/>\n<meta property=\"og:url\" content=\"https:\/\/orasueca.com\/va\/politica-de-privacitat\/\" \/>\n<meta property=\"og:site_name\" content=\"ORA Sueca\" \/>\n<meta property=\"article:modified_time\" content=\"2024-01-23T14:26:24+00:00\" \/>\n<meta name=\"twitter:card\" content=\"summary_large_image\" \/>\n<meta name=\"twitter:label1\" content=\"Est. reading time\" \/>\n\t<meta name=\"twitter:data1\" content=\"6 minutes\" \/>\n<script type=\"application\/ld+json\" class=\"yoast-schema-graph\">{\"@context\":\"https:\/\/schema.org\",\"@graph\":[{\"@type\":\"WebPage\",\"@id\":\"https:\/\/orasueca.com\/va\/politica-de-privacitat\/\",\"url\":\"https:\/\/orasueca.com\/va\/politica-de-privacitat\/\",\"name\":\"Pol\u00edtica de Privacitat - ORA Sueca\",\"isPartOf\":{\"@id\":\"https:\/\/orasueca.com\/#website\"},\"datePublished\":\"2023-06-08T10:57:04+00:00\",\"dateModified\":\"2024-01-23T14:26:24+00:00\",\"breadcrumb\":{\"@id\":\"https:\/\/orasueca.com\/va\/politica-de-privacitat\/#breadcrumb\"},\"inLanguage\":\"va\",\"potentialAction\":[{\"@type\":\"ReadAction\",\"target\":[\"https:\/\/orasueca.com\/va\/politica-de-privacitat\/\"]}]},{\"@type\":\"BreadcrumbList\",\"@id\":\"https:\/\/orasueca.com\/va\/politica-de-privacitat\/#breadcrumb\",\"itemListElement\":[{\"@type\":\"ListItem\",\"position\":1,\"name\":\"Home\",\"item\":\"https:\/\/orasueca.com\/va\/\"},{\"@type\":\"ListItem\",\"position\":2,\"name\":\"Pol\u00edtica de Privacitat\"}]},{\"@type\":\"WebSite\",\"@id\":\"https:\/\/orasueca.com\/#website\",\"url\":\"https:\/\/orasueca.com\/\",\"name\":\"ORA Sueca\",\"description\":\"Just another ORA Sites site\",\"publisher\":{\"@id\":\"https:\/\/orasueca.com\/#organization\"},\"potentialAction\":[{\"@type\":\"SearchAction\",\"target\":{\"@type\":\"EntryPoint\",\"urlTemplate\":\"https:\/\/orasueca.com\/?s={search_term_string}\"},\"query-input\":\"required name=search_term_string\"}],\"inLanguage\":\"va\"},{\"@type\":\"Organization\",\"@id\":\"https:\/\/orasueca.com\/#organization\",\"name\":\"ORA Sueca\",\"url\":\"https:\/\/orasueca.com\/\",\"logo\":{\"@type\":\"ImageObject\",\"inLanguage\":\"va\",\"@id\":\"https:\/\/orasueca.com\/#\/schema\/logo\/image\/\",\"url\":\"https:\/\/orasueca.com\/wp-content\/uploads\/sites\/39\/2025\/01\/cropped-images.jpeg\",\"contentUrl\":\"https:\/\/orasueca.com\/wp-content\/uploads\/sites\/39\/2025\/01\/cropped-images.jpeg\",\"width\":389,\"height\":129,\"caption\":\"ORA Sueca\"},\"image\":{\"@id\":\"https:\/\/orasueca.com\/#\/schema\/logo\/image\/\"}}]}<\/script>\n<!-- \/ Yoast SEO plugin. -->","yoast_head_json":{"title":"Pol\u00edtica de Privacitat - ORA Sueca","robots":{"index":"noindex","follow":"follow","max-snippet":"max-snippet:-1","max-image-preview":"max-image-preview:large","max-video-preview":"max-video-preview:-1"},"og_locale":"en_US","og_type":"article","og_title":"Pol\u00edtica de Privacitat - ORA Sueca","og_description":"1. Responsable del tractament El responsable del tractament de les dades personals que ens proporcione \u00e9s&nbsp;Dornier, S.A.&nbsp;(\u201cDornier\u201d)&nbsp;amb&nbsp;CIF A58369497. Les dades de contacte del responsable s\u00f3n els seg\u00fcents: Adre\u00e7a postal: C\/ Avenida del General Per\u00f3n n\u00ba36, 1a Planta, 28020. Tel\u00e8fon: 91 54 68 900 El Grup Empark, del que forma part Dornier, ha anomenat un Delegat [&hellip;]","og_url":"https:\/\/orasueca.com\/va\/politica-de-privacitat\/","og_site_name":"ORA Sueca","article_modified_time":"2024-01-23T14:26:24+00:00","twitter_card":"summary_large_image","twitter_misc":{"Est. reading time":"6 minutes"},"schema":{"@context":"https:\/\/schema.org","@graph":[{"@type":"WebPage","@id":"https:\/\/orasueca.com\/va\/politica-de-privacitat\/","url":"https:\/\/orasueca.com\/va\/politica-de-privacitat\/","name":"Pol\u00edtica de Privacitat - ORA Sueca","isPartOf":{"@id":"https:\/\/orasueca.com\/#website"},"datePublished":"2023-06-08T10:57:04+00:00","dateModified":"2024-01-23T14:26:24+00:00","breadcrumb":{"@id":"https:\/\/orasueca.com\/va\/politica-de-privacitat\/#breadcrumb"},"inLanguage":"va","potentialAction":[{"@type":"ReadAction","target":["https:\/\/orasueca.com\/va\/politica-de-privacitat\/"]}]},{"@type":"BreadcrumbList","@id":"https:\/\/orasueca.com\/va\/politica-de-privacitat\/#breadcrumb","itemListElement":[{"@type":"ListItem","position":1,"name":"Home","item":"https:\/\/orasueca.com\/va\/"},{"@type":"ListItem","position":2,"name":"Pol\u00edtica de Privacitat"}]},{"@type":"WebSite","@id":"https:\/\/orasueca.com\/#website","url":"https:\/\/orasueca.com\/","name":"ORA Sueca","description":"Just another ORA Sites site","publisher":{"@id":"https:\/\/orasueca.com\/#organization"},"potentialAction":[{"@type":"SearchAction","target":{"@type":"EntryPoint","urlTemplate":"https:\/\/orasueca.com\/?s={search_term_string}"},"query-input":"required name=search_term_string"}],"inLanguage":"va"},{"@type":"Organization","@id":"https:\/\/orasueca.com\/#organization","name":"ORA Sueca","url":"https:\/\/orasueca.com\/","logo":{"@type":"ImageObject","inLanguage":"va","@id":"https:\/\/orasueca.com\/#\/schema\/logo\/image\/","url":"https:\/\/orasueca.com\/wp-content\/uploads\/sites\/39\/2025\/01\/cropped-images.jpeg","contentUrl":"https:\/\/orasueca.com\/wp-content\/uploads\/sites\/39\/2025\/01\/cropped-images.jpeg","width":389,"height":129,"caption":"ORA Sueca"},"image":{"@id":"https:\/\/orasueca.com\/#\/schema\/logo\/image\/"}}]}},"meta_box":[],"_links":{"self":[{"href":"https:\/\/orasueca.com\/va\/wp-json\/wp\/v2\/pages\/291"}],"collection":[{"href":"https:\/\/orasueca.com\/va\/wp-json\/wp\/v2\/pages"}],"about":[{"href":"https:\/\/orasueca.com\/va\/wp-json\/wp\/v2\/types\/page"}],"author":[{"embeddable":true,"href":"https:\/\/orasueca.com\/va\/wp-json\/wp\/v2\/users\/1"}],"replies":[{"embeddable":true,"href":"https:\/\/orasueca.com\/va\/wp-json\/wp\/v2\/comments?post=291"}],"version-history":[{"count":1,"href":"https:\/\/orasueca.com\/va\/wp-json\/wp\/v2\/pages\/291\/revisions"}],"predecessor-version":[{"id":388,"href":"https:\/\/orasueca.com\/va\/wp-json\/wp\/v2\/pages\/291\/revisions\/388"}],"wp:attachment":[{"href":"https:\/\/orasueca.com\/va\/wp-json\/wp\/v2\/media?parent=291"}],"curies":[{"name":"wp","href":"https:\/\/api.w.org\/{rel}","templated":true}]}}