{"id":290,"date":"2023-06-08T12:57:21","date_gmt":"2023-06-08T10:57:21","guid":{"rendered":"https:\/\/orasueca.ora.cmspro.telpark.com\/politica-de-cookies\/"},"modified":"2025-01-21T10:59:32","modified_gmt":"2025-01-21T09:59:32","slug":"politica-de-cookies","status":"publish","type":"page","link":"https:\/\/orasueca.com\/va\/politica-de-cookies\/","title":{"rendered":"Pol\u00edtica de Cookies"},"content":{"rendered":"\n<p>La present pol\u00edtica de cookies t\u00e9 com a finalitat informar-li de manera clara i precisa sobre les cookies que s'utilitzen en la p\u00e0gina web\u00a0<a href=\"http:\/\/www.orasueca.ora.cmspro.telpark.com\"> www.orasueca.com<\/a>.<\/p>\n\n\n\n<p>Este lloc web, igual que la majoria dels llocs en Internet, usa Cookies per a millorar i optimitzar l'experi\u00e8ncia de l'usuari. A continuaci\u00f3, trobar\u00e0s informaci\u00f3 detallada sobre qu\u00e8 s\u00f3n les \u201cCookies\u201d; quina tipologia utilitza este lloc web, com pots desactivar-les en el teu navegador i com bloquejar espec\u00edficament la instal\u00b7laci\u00f3 de Cookies de tercers.<\/p>\n\n\n\n<p><strong>1. \u00das de cookies<\/strong><\/p>\n\n\n\n<p>Per a optimitzar els nostres servicis, este Lloc, els missatges enviats per correu electr\u00f2nic, els servicis online, els anuncis i les aplicacions interactives poden utilitzar \u201ccookies\u201d.<\/p>\n\n\n\n<p><strong>Qu\u00e8 \u00e9s una cookie?<\/strong><\/p>\n\n\n\n<p>Una cookie \u00e9s un fitxer (xicotet arxiu) que es descarrega en el seu ordinador a l'accedir a determinades p\u00e0gines web o l'aplicaci\u00f3 que utilitzes instal\u00b7la en el teu navegador o en el teu dispositiu (Smartphone, pastilla o televisi\u00f3 connectada) durant el teu recorregut per les p\u00e0gines o per l'aplicaci\u00f3. Normalment est\u00e0 format per lletres i n\u00fameros, enviat pel servidor de la nostra web a l'arxiu de cookies del seu navegador.<\/p>\n\n\n\n<p>Les cookies permeten a la nostra p\u00e0gina web, entre altres coses, emmagatzemar i recuperar informaci\u00f3 sobre els seus h\u00e0bits de navegaci\u00f3 o del seu equip i recordar la seua pres\u00e8ncia a l'establir-se una nova connexi\u00f3 entre el nostre servidor i el seu navegador. El principal prop\u00f2sit d'una cookie \u00e9s permetre al nostre servidor presentar p\u00e0gines web personalitzades que puguen convertir la visita a la web de La Web en una experi\u00e8ncia individual i ajustada a les prefer\u00e8ncies personals.<\/p>\n\n\n\n<p><strong>Quin tipus de cookies empra este Lloc?<\/strong><\/p>\n\n\n\n<p>1.) La Web empra dos tipus de cookies en este Lloc segons el temps de perman\u00e8ncia:<\/p>\n\n\n\n<p>- Cookies de sessi\u00f3: s\u00f3n cookies temporals que romanen en l'arxiu de cookies del seu navegador mentres est\u00e0 en la nostra p\u00e0gina web. Estes cookies s\u00f3n necess\u00e0ries per a certes aplicacions o funcions i permeten que este Lloc funcione adequadament.<\/p>\n\n\n\n<p>- Cookies persistents: afavorixen l'experi\u00e8ncia com a usuari (per exemple, oferint una navegaci\u00f3 personalitzada). Estes cookies romanen en el seu navegador durant un per\u00edode de temps m\u00e9s ampli. Este per\u00edode dep\u00e9n dels ajustos que haja introdu\u00eft en el seu navegador. Les cookies persistents permeten que la informaci\u00f3 siga transferida al servidor d'este Lloc cada vegada que ho visita. Tamb\u00e9 es coneixen com cookies de seguiment.<\/p>\n\n\n\n<p>2.) Segons la finalitat per a la que es tracten les dades obtinguts, este Lloc empra els seg\u00fcents tipus de cookies:<\/p>\n\n\n\n<p>- Cookies t\u00e8cniques: S\u00f3n aquelles que li permeten la navegaci\u00f3 a trav\u00e9s d'una p\u00e0gina web, plataforma o aplicaci\u00f3 i la utilitzaci\u00f3 de les diferents opcions o servicis que en esta existixen com, per exemple, el control del tr\u00e0fic i la comunicaci\u00f3 de dades, identificar la sessi\u00f3, accedir a parts d'acc\u00e9s restringit, recordar els elements que integren una comanda, realitzar el proc\u00e9s de compra d'una comanda, realitzar la sol\u00b7licitud d'inscripci\u00f3 o participaci\u00f3 en un esdeveniment, utilitzar elements de seguretat durant la navegaci\u00f3, emmagatzemar continguts per a la difusi\u00f3 de v\u00eddeos o so o compartir continguts a trav\u00e9s de xarxes socials.\"<\/p>\n\n\n\n<p>Cookies de personalitzaci\u00f3: S\u00f3n aquelles que li permeten accedir al servici amb algunes caracter\u00edstiques de car\u00e0cter general predefinides en funci\u00f3 d'una s\u00e8rie de criteris en el seu terminal (per exemple l'idioma, el tipus de navegador a trav\u00e9s del qual accedix al servici, la configuraci\u00f3 regional des d'on accedix al servici, etc).<\/p>\n\n\n\n<p>Cookies d'an\u00e0lisi: S\u00f3n aquelles que ben tractades per nosaltres o per tercers, ens permeten quantificar el nombre d'usuaris i aix\u00ed realitzar el mesurament i an\u00e0lisi estad\u00edstica de la utilitzaci\u00f3 que fan els usuaris del servici oferit. Per a aix\u00f2 s'analitza la seua navegaci\u00f3 en la nostra p\u00e0gina web a fi de millorar l'oferta de productes o servicis que li oferim.<\/p>\n\n\n\n<p>Cookies publicit\u00e0ries: &nbsp;S\u00f3n aquelles que, ben tractades per nosaltres o per tercers, ens permeten gestionar de la manera m\u00e9s efica\u00e7 possible l'oferta dels espais publicitaris que hi ha en la p\u00e0gina web, adequant el contingut de l'anunci al contingut del servici sol\u00b7licitat o a l'\u00fas que realitze de la nostra p\u00e0gina web. Per a aix\u00f2 podem analitzar els seus h\u00e0bits de navegaci\u00f3 en Internet i podem mostrar-li publicitat relacionada amb el seu perfil de navegaci\u00f3.<\/p>\n\n\n\n<p>Cookies de publicitat comportamental: S\u00f3n aquelles que, ben tractades per nosaltres o per tercers, ens permeten la gesti\u00f3, de la manera m\u00e9s efica\u00e7 possible, dels espais publicitaris que, si \u00e9s el cas, pogueren estar inclosos en este Lloc des del que es presta el servici sol\u00b7licitat. Estes cookies emmagatzemen informaci\u00f3 del seu comportament obtinguda a trav\u00e9s de l'observaci\u00f3 continuada dels seus h\u00e0bits de navegaci\u00f3, la qual cosa ens permet desenrotllar un perfil espec\u00edfic per a mostrar la publicitat en funci\u00f3 del mateix.<\/p>\n\n\n\n<p><strong>2. Cookies de tercers<\/strong><\/p>\n\n\n\n<p>Per a mostrar publicitat i realitzar el seguiment de les nostres comunicacions de m\u00e0rqueting, La Web pot usar mitjans de tercers. Estos usen els cookies per a mesurar l'efectivitat dels anuncis i personalitzar el seu contingut. La informaci\u00f3 que pot ser arreplegada per tercers pot incloure dades com ara la localitzaci\u00f3 geogr\u00e0fica (a trav\u00e9s de la direcci\u00f3 IP) , dades de contacte o, nom\u00e9s si \u00e9s introdu\u00efda a trav\u00e9s d'este Lloc, l'adre\u00e7a de correu electr\u00f2nic.<\/p>\n\n\n\n<p><strong>3. Web beacons o pixel tags<\/strong><\/p>\n\n\n\n<p>Este Lloc utilitza web beacons (tamb\u00e9 denominats \u201cp\u00edxel tags\u201d). Un web beacon \u00e9s una imatge gr\u00e0fica transparent, normalment no major d'1 x 1 p\u00edxel, que se situa en una p\u00e0gina web o en un e-mail per a monitoritzar el comportament online de l'usuari que visita la p\u00e0gina web.<\/p>\n\n\n\n<p>Estes imatges empren principalment tecnologies de tercers, en el cas d'este Lloc s'usen per a monitoritzar l'activitat dels visitants, com con\u00e9ixer quines p\u00e0gines del Lloc visita, quan i des d'on (pa\u00eds\/ciudad).<\/p>\n\n\n\n<p><strong>4. Seguiment i An\u00e0lisi<\/strong><\/p>\n\n\n\n<p>Per a la continua optimitzaci\u00f3 de les seues comunicacions de m\u00e0rqueting, La Web empra el programari anal\u00edtic Google Analitycs. Esta tecnologia permet con\u00e9ixer el comportament online del visitant en termes de temps, localitzaci\u00f3 geogr\u00e0fica i ocupaci\u00f3 d'este Lloc. La informaci\u00f3 s'arreplega a trav\u00e9s de p\u00edxels tags y\/o cookies de seguiment. Esta informaci\u00f3 s'an\u00f2nima, no es vinculada con les dades personals i La Web no la compartix con tercers per al seu ocupaci\u00f3 independent. Tota la informaci\u00f3 necess\u00e0ria per a l'an\u00e0lisi s'emmagatzemada en els servidores en Google.<\/p>\n\n\n\n<p><strong>5. Habilitaci\u00f3 i deshabilitaci\u00f3 dels cookies i de recursos semblants<\/strong><\/p>\n\n\n\n<p>Recorde que certes funcions i la plena funcionalitat d'este Lloc poden no estar disponibles despr\u00e9s de deshabilitar les cookies. Pot vost\u00e9 permetre, bloquejar o esborrar les cookies instal\u00b7lades en el seu equip per mitj\u00e0 de la configuraci\u00f3 de les opcions del navegador instal\u00b7lat en el seu ordinador.<\/p>\n\n\n\n<p>A continuaci\u00f3, t'indiquem els enlla\u00e7os dels principals navegadors i dispositius perqu\u00e8 disposes de tota la informaci\u00f3 per a consultar com gestionar les cookies en el teu navegador.<\/p>\n\n\n\n<ul><li>Per a m\u00e9s informaci\u00f3sobre el Navegador&nbsp;Google&nbsp;Chrome\u2122 fes clic&nbsp;<a href=\"https:\/\/support.google.com\/chrome\/answer\/95647?hl=es\" target=\"_blank\" rel=\"noreferrer noopener\">ac\u00ed<\/a><\/li><li>Per a m\u00e9s informaci\u00f3 sobre el Navegador&nbsp;Internet Explorer fes clic <a href=\"https:\/\/support.microsoft.com\/en-us\/help\/17442\/windows-internet-explorer-delete-manage-cookies#ie=ie-10\">ac\u00ed<\/a><\/li><li>Per a m\u00e9s informaci\u00f3 sobre el Navegador&nbsp;Mozilla Firefox\u2122 fes clic <a href=\"https:\/\/support.mozilla.org\/es\/kb\/habilitar-y-deshabilitar-cookies-sitios-web-rastrear-preferencias\">ac\u00ed<\/a><\/li><li>Per a m\u00e9s informaci\u00f3 sobre el Navegador Safari\u2122 fes clic <a href=\"https:\/\/support.apple.com\/en-us\/HT201265\">ac\u00ed<\/a><\/li><li>Per a m\u00e9s informaci\u00f3 sobre Opera\u2122 fes clic <a href=\"https:\/\/www.opera.com\/help\/tutorials\/security\/privacy\/\" target=\"_blank\" rel=\"noreferrer noopener\">ac\u00ed<\/a><\/li><\/ul>\n\n\n\n<p><strong>6. Acceptaci\u00f3 de la pol\u00edtica de cookies<\/strong><\/p>\n\n\n\n<p>Polsant el bot\u00f3 \u201cAcceptar\u201d s'assumix que vost\u00e9 accepta l'\u00fas de cookies.<\/p>\n","protected":false},"excerpt":{"rendered":"<p>La present pol\u00edtica de cookies t\u00e9 com a finalitat informar-li de manera clara i precisa sobre les cookies que s'utilitzen en la p\u00e0gina web\u00a0 www.orasueca.com. Este lloc web, igual que la majoria dels llocs en Internet, usa Cookies per a millorar i optimitzar l'experi\u00e8ncia de l'usuari. A continuaci\u00f3, trobar\u00e0s informaci\u00f3 detallada sobre qu\u00e8 s\u00f3n les [&hellip;]<\/p>\n","protected":false},"author":1,"featured_media":0,"parent":0,"menu_order":0,"comment_status":"closed","ping_status":"closed","template":"","meta":[],"yoast_head":"<!-- This site is optimized with the Yoast SEO plugin v20.12 - https:\/\/yoast.com\/wordpress\/plugins\/seo\/ -->\n<title>Pol\u00edtica de Cookies - ORA Sueca<\/title>\n<meta name=\"robots\" content=\"noindex, follow, max-snippet:-1, max-image-preview:large, max-video-preview:-1\" \/>\n<meta property=\"og:locale\" content=\"en_US\" \/>\n<meta property=\"og:type\" content=\"article\" \/>\n<meta property=\"og:title\" content=\"Pol\u00edtica de Cookies - ORA Sueca\" \/>\n<meta property=\"og:description\" content=\"La present pol\u00edtica de cookies t\u00e9 com a finalitat informar-li de manera clara i precisa sobre les cookies que s&#039;utilitzen en la p\u00e0gina web\u00a0 www.orasueca.com. Este lloc web, igual que la majoria dels llocs en Internet, usa Cookies per a millorar i optimitzar l&#039;experi\u00e8ncia de l&#039;usuari. A continuaci\u00f3, trobar\u00e0s informaci\u00f3 detallada sobre qu\u00e8 s\u00f3n les [&hellip;]\" \/>\n<meta property=\"og:url\" content=\"https:\/\/orasueca.com\/va\/politica-de-cookies\/\" \/>\n<meta property=\"og:site_name\" content=\"ORA Sueca\" \/>\n<meta property=\"article:modified_time\" content=\"2025-01-21T09:59:32+00:00\" \/>\n<meta name=\"twitter:card\" content=\"summary_large_image\" \/>\n<meta name=\"twitter:label1\" content=\"Est. reading time\" \/>\n\t<meta name=\"twitter:data1\" content=\"6 minutes\" \/>\n<script type=\"application\/ld+json\" class=\"yoast-schema-graph\">{\"@context\":\"https:\/\/schema.org\",\"@graph\":[{\"@type\":\"WebPage\",\"@id\":\"https:\/\/orasueca.com\/va\/politica-de-cookies\/\",\"url\":\"https:\/\/orasueca.com\/va\/politica-de-cookies\/\",\"name\":\"Pol\u00edtica de Cookies - ORA Sueca\",\"isPartOf\":{\"@id\":\"https:\/\/orasueca.com\/#website\"},\"datePublished\":\"2023-06-08T10:57:21+00:00\",\"dateModified\":\"2025-01-21T09:59:32+00:00\",\"breadcrumb\":{\"@id\":\"https:\/\/orasueca.com\/va\/politica-de-cookies\/#breadcrumb\"},\"inLanguage\":\"va\",\"potentialAction\":[{\"@type\":\"ReadAction\",\"target\":[\"https:\/\/orasueca.com\/va\/politica-de-cookies\/\"]}]},{\"@type\":\"BreadcrumbList\",\"@id\":\"https:\/\/orasueca.com\/va\/politica-de-cookies\/#breadcrumb\",\"itemListElement\":[{\"@type\":\"ListItem\",\"position\":1,\"name\":\"Home\",\"item\":\"https:\/\/orasueca.com\/va\/\"},{\"@type\":\"ListItem\",\"position\":2,\"name\":\"Pol\u00edtica de Cookies\"}]},{\"@type\":\"WebSite\",\"@id\":\"https:\/\/orasueca.com\/#website\",\"url\":\"https:\/\/orasueca.com\/\",\"name\":\"ORA Sueca\",\"description\":\"Just another ORA Sites site\",\"publisher\":{\"@id\":\"https:\/\/orasueca.com\/#organization\"},\"potentialAction\":[{\"@type\":\"SearchAction\",\"target\":{\"@type\":\"EntryPoint\",\"urlTemplate\":\"https:\/\/orasueca.com\/?s={search_term_string}\"},\"query-input\":\"required name=search_term_string\"}],\"inLanguage\":\"va\"},{\"@type\":\"Organization\",\"@id\":\"https:\/\/orasueca.com\/#organization\",\"name\":\"ORA Sueca\",\"url\":\"https:\/\/orasueca.com\/\",\"logo\":{\"@type\":\"ImageObject\",\"inLanguage\":\"va\",\"@id\":\"https:\/\/orasueca.com\/#\/schema\/logo\/image\/\",\"url\":\"https:\/\/orasueca.com\/wp-content\/uploads\/sites\/39\/2025\/01\/cropped-images.jpeg\",\"contentUrl\":\"https:\/\/orasueca.com\/wp-content\/uploads\/sites\/39\/2025\/01\/cropped-images.jpeg\",\"width\":389,\"height\":129,\"caption\":\"ORA Sueca\"},\"image\":{\"@id\":\"https:\/\/orasueca.com\/#\/schema\/logo\/image\/\"}}]}<\/script>\n<!-- \/ Yoast SEO plugin. -->","yoast_head_json":{"title":"Pol\u00edtica de Cookies - ORA Sueca","robots":{"index":"noindex","follow":"follow","max-snippet":"max-snippet:-1","max-image-preview":"max-image-preview:large","max-video-preview":"max-video-preview:-1"},"og_locale":"en_US","og_type":"article","og_title":"Pol\u00edtica de Cookies - ORA Sueca","og_description":"La present pol\u00edtica de cookies t\u00e9 com a finalitat informar-li de manera clara i precisa sobre les cookies que s'utilitzen en la p\u00e0gina web\u00a0 www.orasueca.com. Este lloc web, igual que la majoria dels llocs en Internet, usa Cookies per a millorar i optimitzar l'experi\u00e8ncia de l'usuari. A continuaci\u00f3, trobar\u00e0s informaci\u00f3 detallada sobre qu\u00e8 s\u00f3n les [&hellip;]","og_url":"https:\/\/orasueca.com\/va\/politica-de-cookies\/","og_site_name":"ORA Sueca","article_modified_time":"2025-01-21T09:59:32+00:00","twitter_card":"summary_large_image","twitter_misc":{"Est. reading time":"6 minutes"},"schema":{"@context":"https:\/\/schema.org","@graph":[{"@type":"WebPage","@id":"https:\/\/orasueca.com\/va\/politica-de-cookies\/","url":"https:\/\/orasueca.com\/va\/politica-de-cookies\/","name":"Pol\u00edtica de Cookies - ORA Sueca","isPartOf":{"@id":"https:\/\/orasueca.com\/#website"},"datePublished":"2023-06-08T10:57:21+00:00","dateModified":"2025-01-21T09:59:32+00:00","breadcrumb":{"@id":"https:\/\/orasueca.com\/va\/politica-de-cookies\/#breadcrumb"},"inLanguage":"va","potentialAction":[{"@type":"ReadAction","target":["https:\/\/orasueca.com\/va\/politica-de-cookies\/"]}]},{"@type":"BreadcrumbList","@id":"https:\/\/orasueca.com\/va\/politica-de-cookies\/#breadcrumb","itemListElement":[{"@type":"ListItem","position":1,"name":"Home","item":"https:\/\/orasueca.com\/va\/"},{"@type":"ListItem","position":2,"name":"Pol\u00edtica de Cookies"}]},{"@type":"WebSite","@id":"https:\/\/orasueca.com\/#website","url":"https:\/\/orasueca.com\/","name":"ORA Sueca","description":"Just another ORA Sites site","publisher":{"@id":"https:\/\/orasueca.com\/#organization"},"potentialAction":[{"@type":"SearchAction","target":{"@type":"EntryPoint","urlTemplate":"https:\/\/orasueca.com\/?s={search_term_string}"},"query-input":"required name=search_term_string"}],"inLanguage":"va"},{"@type":"Organization","@id":"https:\/\/orasueca.com\/#organization","name":"ORA Sueca","url":"https:\/\/orasueca.com\/","logo":{"@type":"ImageObject","inLanguage":"va","@id":"https:\/\/orasueca.com\/#\/schema\/logo\/image\/","url":"https:\/\/orasueca.com\/wp-content\/uploads\/sites\/39\/2025\/01\/cropped-images.jpeg","contentUrl":"https:\/\/orasueca.com\/wp-content\/uploads\/sites\/39\/2025\/01\/cropped-images.jpeg","width":389,"height":129,"caption":"ORA Sueca"},"image":{"@id":"https:\/\/orasueca.com\/#\/schema\/logo\/image\/"}}]}},"meta_box":[],"_links":{"self":[{"href":"https:\/\/orasueca.com\/va\/wp-json\/wp\/v2\/pages\/290"}],"collection":[{"href":"https:\/\/orasueca.com\/va\/wp-json\/wp\/v2\/pages"}],"about":[{"href":"https:\/\/orasueca.com\/va\/wp-json\/wp\/v2\/types\/page"}],"author":[{"embeddable":true,"href":"https:\/\/orasueca.com\/va\/wp-json\/wp\/v2\/users\/1"}],"replies":[{"embeddable":true,"href":"https:\/\/orasueca.com\/va\/wp-json\/wp\/v2\/comments?post=290"}],"version-history":[{"count":2,"href":"https:\/\/orasueca.com\/va\/wp-json\/wp\/v2\/pages\/290\/revisions"}],"predecessor-version":[{"id":853,"href":"https:\/\/orasueca.com\/va\/wp-json\/wp\/v2\/pages\/290\/revisions\/853"}],"wp:attachment":[{"href":"https:\/\/orasueca.com\/va\/wp-json\/wp\/v2\/media?parent=290"}],"curies":[{"name":"wp","href":"https:\/\/api.w.org\/{rel}","templated":true}]}}